{"id":7748,"date":"2019-05-10T13:36:04","date_gmt":"2019-05-10T11:36:04","guid":{"rendered":"http:\/\/www.recinzionipvc.com\/prodotto-recinzione-pvc\/verona\/"},"modified":"2019-05-10T13:36:04","modified_gmt":"2019-05-10T11:36:04","slug":"verona","status":"publish","type":"product","link":"https:\/\/www.recinzionipvc.com\/it\/prodotto\/verona\/","title":{"rendered":"Verona"},"content":{"rendered":"<p><em><strong>Cl\u00f4ture provisoire en PVC, mod\u00e8le Verona. <\/strong><\/em><\/p>\r\n<p><em><strong>Id\u00e9al pour les foires, congr\u00e8s, festivals &#8230; facile \u00e0 monter et d\u00e9monter.<\/strong><\/em><\/p>\r\n<p><em><strong> Le mod\u00e8le Verona fait partie de la famille Temporary.<\/strong><\/em><\/p>","protected":false},"excerpt":{"rendered":"<p id=\"tw-target-text\" class=\"tw-data-text tw-text-large XcVN5d tw-ta\" dir=\"ltr\" data-placeholder=\"Traduzione\"><em><strong><span lang=\"fr\">Notre cl\u00f4ture en PVC, mod\u00e8le Verona, est l&#8217;un des deux types de cl\u00f4tures temporaires; ce type de cl\u00f4ture en PVC est id\u00e9al pour \u00eatre transport\u00e9 et chang\u00e9 autant de fois que vous le souhaitez, pr\u00e9cis\u00e9ment parce qu&#8217;il ne n\u00e9cessite aucun type d&#8217;installation dans le sol.<\/span><\/strong><\/em><\/p>","protected":false},"featured_media":0,"comment_status":"open","ping_status":"closed","template":"","meta":[],"product_cat":[609],"product_tag":[573,572,551,473,452,459,466,465,464,462,454,460,453],"yoast_head":"<!-- This site is optimized with the Yoast SEO plugin v22.4 - https:\/\/yoast.com\/wordpress\/plugins\/seo\/ -->\n<title>Verona - Recinzioni PVC<\/title>\n<meta name=\"robots\" content=\"index, follow, max-snippet:-1, max-image-preview:large, max-video-preview:-1\" \/>\n<link rel=\"canonical\" href=\"https:\/\/recinzionipvc.com\/it\/prodotto\/verona\/\" \/>\n<meta property=\"og:locale\" content=\"it_IT\" \/>\n<meta property=\"og:type\" content=\"article\" \/>\n<meta property=\"og:title\" content=\"Verona - Recinzioni PVC\" \/>\n<meta property=\"og:description\" content=\"Notre cl\u00f4ture en PVC, mod\u00e8le Verona, est l&#039;un des deux types de cl\u00f4tures temporaires; ce type de cl\u00f4ture en PVC est id\u00e9al pour \u00eatre transport\u00e9 et chang\u00e9 autant de fois que vous le souhaitez, pr\u00e9cis\u00e9ment parce qu&#039;il ne n\u00e9cessite aucun type d&#039;installation dans le sol.\" \/>\n<meta property=\"og:url\" content=\"https:\/\/recinzionipvc.com\/it\/prodotto\/verona\/\" \/>\n<meta property=\"og:site_name\" content=\"Recinzioni PVC\" \/>\n<meta property=\"article:publisher\" content=\"https:\/\/www.facebook.com\/ZucchiRecinzioniPVC\" \/>\n<meta name=\"twitter:card\" content=\"summary_large_image\" \/>\n<script type=\"application\/ld+json\" class=\"yoast-schema-graph\">{\"@context\":\"https:\/\/schema.org\",\"@graph\":[{\"@type\":\"WebPage\",\"@id\":\"https:\/\/recinzionipvc.com\/it\/prodotto\/verona\/\",\"url\":\"https:\/\/recinzionipvc.com\/it\/prodotto\/verona\/\",\"name\":\"Verona - Recinzioni PVC\",\"isPartOf\":{\"@id\":\"https:\/\/www.recinzionipvc.com\/it\/#website\"},\"datePublished\":\"2019-05-10T11:36:04+00:00\",\"dateModified\":\"2019-05-10T11:36:04+00:00\",\"breadcrumb\":{\"@id\":\"https:\/\/recinzionipvc.com\/it\/prodotto\/verona\/#breadcrumb\"},\"inLanguage\":\"it-IT\",\"potentialAction\":[{\"@type\":\"ReadAction\",\"target\":[\"https:\/\/recinzionipvc.com\/it\/prodotto\/verona\/\"]}]},{\"@type\":\"BreadcrumbList\",\"@id\":\"https:\/\/recinzionipvc.com\/it\/prodotto\/verona\/#breadcrumb\",\"itemListElement\":[{\"@type\":\"ListItem\",\"position\":1,\"name\":\"Home\",\"item\":\"https:\/\/www.recinzionipvc.com\/it\/\"},{\"@type\":\"ListItem\",\"position\":2,\"name\":\"Shop\",\"item\":\"https:\/\/www.recinzionipvc.com\/it\/negozio\/\"},{\"@type\":\"ListItem\",\"position\":3,\"name\":\"Verona\"}]},{\"@type\":\"WebSite\",\"@id\":\"https:\/\/www.recinzionipvc.com\/it\/#website\",\"url\":\"https:\/\/www.recinzionipvc.com\/it\/\",\"name\":\"Recinzioni PVC\",\"description\":\"La tua prossima recinzione, direttamente creata da te!\",\"potentialAction\":[{\"@type\":\"SearchAction\",\"target\":{\"@type\":\"EntryPoint\",\"urlTemplate\":\"https:\/\/www.recinzionipvc.com\/it\/?s={search_term_string}\"},\"query-input\":\"required name=search_term_string\"}],\"inLanguage\":\"it-IT\"}]}<\/script>\n<!-- \/ Yoast SEO plugin. -->","yoast_head_json":{"title":"Verona - Recinzioni PVC","robots":{"index":"index","follow":"follow","max-snippet":"max-snippet:-1","max-image-preview":"max-image-preview:large","max-video-preview":"max-video-preview:-1"},"canonical":"https:\/\/recinzionipvc.com\/it\/prodotto\/verona\/","og_locale":"it_IT","og_type":"article","og_title":"Verona - Recinzioni PVC","og_description":"Notre cl\u00f4ture en PVC, mod\u00e8le Verona, est l'un des deux types de cl\u00f4tures temporaires; ce type de cl\u00f4ture en PVC est id\u00e9al pour \u00eatre transport\u00e9 et chang\u00e9 autant de fois que vous le souhaitez, pr\u00e9cis\u00e9ment parce qu'il ne n\u00e9cessite aucun type d'installation dans le sol.","og_url":"https:\/\/recinzionipvc.com\/it\/prodotto\/verona\/","og_site_name":"Recinzioni PVC","article_publisher":"https:\/\/www.facebook.com\/ZucchiRecinzioniPVC","twitter_card":"summary_large_image","schema":{"@context":"https:\/\/schema.org","@graph":[{"@type":"WebPage","@id":"https:\/\/recinzionipvc.com\/it\/prodotto\/verona\/","url":"https:\/\/recinzionipvc.com\/it\/prodotto\/verona\/","name":"Verona - Recinzioni PVC","isPartOf":{"@id":"https:\/\/www.recinzionipvc.com\/it\/#website"},"datePublished":"2019-05-10T11:36:04+00:00","dateModified":"2019-05-10T11:36:04+00:00","breadcrumb":{"@id":"https:\/\/recinzionipvc.com\/it\/prodotto\/verona\/#breadcrumb"},"inLanguage":"it-IT","potentialAction":[{"@type":"ReadAction","target":["https:\/\/recinzionipvc.com\/it\/prodotto\/verona\/"]}]},{"@type":"BreadcrumbList","@id":"https:\/\/recinzionipvc.com\/it\/prodotto\/verona\/#breadcrumb","itemListElement":[{"@type":"ListItem","position":1,"name":"Home","item":"https:\/\/www.recinzionipvc.com\/it\/"},{"@type":"ListItem","position":2,"name":"Shop","item":"https:\/\/www.recinzionipvc.com\/it\/negozio\/"},{"@type":"ListItem","position":3,"name":"Verona"}]},{"@type":"WebSite","@id":"https:\/\/www.recinzionipvc.com\/it\/#website","url":"https:\/\/www.recinzionipvc.com\/it\/","name":"Recinzioni PVC","description":"La tua prossima recinzione, direttamente creata da te!","potentialAction":[{"@type":"SearchAction","target":{"@type":"EntryPoint","urlTemplate":"https:\/\/www.recinzionipvc.com\/it\/?s={search_term_string}"},"query-input":"required name=search_term_string"}],"inLanguage":"it-IT"}]}},"_links":{"self":[{"href":"https:\/\/www.recinzionipvc.com\/it\/wp-json\/wp\/v2\/product\/7748"}],"collection":[{"href":"https:\/\/www.recinzionipvc.com\/it\/wp-json\/wp\/v2\/product"}],"about":[{"href":"https:\/\/www.recinzionipvc.com\/it\/wp-json\/wp\/v2\/types\/product"}],"replies":[{"embeddable":true,"href":"https:\/\/www.recinzionipvc.com\/it\/wp-json\/wp\/v2\/comments?post=7748"}],"wp:attachment":[{"href":"https:\/\/www.recinzionipvc.com\/it\/wp-json\/wp\/v2\/media?parent=7748"}],"wp:term":[{"taxonomy":"product_cat","embeddable":true,"href":"https:\/\/www.recinzionipvc.com\/it\/wp-json\/wp\/v2\/product_cat?post=7748"},{"taxonomy":"product_tag","embeddable":true,"href":"https:\/\/www.recinzionipvc.com\/it\/wp-json\/wp\/v2\/product_tag?post=7748"}],"curies":[{"name":"wp","href":"https:\/\/api.w.org\/{rel}","templated":true}]}}