{"id":127,"date":"2019-05-10T13:00:55","date_gmt":"2019-05-10T13:00:55","guid":{"rendered":"http:\/\/52.213.162.151\/?post_type=product&#038;p=127"},"modified":"2022-04-04T16:17:13","modified_gmt":"2022-04-04T14:17:13","slug":"parte-centrale-recinzione-pvc-modello-stoccolma","status":"publish","type":"product","link":"https:\/\/www.recinzionipvc.com\/it\/prodotto\/parte-centrale-recinzione-pvc-modello-stoccolma\/","title":{"rendered":"Stoccolma Parte Centrale"},"content":{"rendered":"<em><strong>La nostra Recinzione in PVC, modello <a href=\"https:\/\/www.recinzionipvc.com\/it\/modelli-differenti-di-recinzioni-in-pvc\/recinzione-pvc-modello-stoccolma-famiglia-semiprivacy\/\">Stoccolma<\/a>, \u00e8 ci\u00f2 che serve quando si desidera mantenere la privacy nel proprio terreno.<\/strong><\/em>\r\n\r\n<em><strong> Stoccolma \u00e8 ci\u00f2 che viene richiesto quando, oltre all&#8217;esigenza della privacy, vi \u00e8 anche la necessit\u00e0 di avere un prodotto che possa rendere esteticamente bella la propria casa.<\/strong><\/em>\r\n\r\n&nbsp;\r\n\r\n<em><strong>Il modello Stoccolma fa parte della famiglia <a href=\"https:\/\/www.recinzionipvc.com\/it\/famiglie-recinzioni-in-pvc\/recinzioni-pvc-famiglia-semiprivacy\/\">SemiPrivacy<\/a>.<\/strong><\/em>","protected":false},"excerpt":{"rendered":"<em><strong>La nostra Recinzione in PVC, modello <a href=\"https:\/\/www.recinzionipvc.com\/it\/modelli-differenti-di-recinzioni-in-pvc\/recinzione-pvc-modello-stoccolma-famiglia-semiprivacy\/\">Stoccolma<\/a>, \u00e8 il prodotto ideale per che vuole proteggere il proprio giardino da occhi indiscreti, senza rinunciare per\u00f2 ai giochi di luce e all&#8217;estetica.<\/strong><\/em>\r\n\r\n<em><b>Il modello Stoccolma \u00e8 adatto per recintare case, giardini o perch\u00e9 no, un&#8217;area giochi per bambini.<\/b><\/em>\r\n\r\n<em><strong>(La parte centrale si presenta smontata per la spedizione e non comprende i pali esterni)<\/strong><\/em>\r\n\r\n&nbsp;\r\n\r\n<span style=\"color: #ff0000;\"><em><strong>Per visualizzare la scheda tecnica del pannello completo, cliccare\u00a0<a style=\"color: #ff0000;\" href=\"https:\/\/www.recinzionipvc.com\/it\/modelli-differenti-di-recinzioni-in-pvc\/recinzione-pvc-modello-stoccolma-famiglia-semiprivacy\/\">qui<\/a>\u00a0e andare a fondo pagina.<\/strong><\/em><\/span>\r\n\r\n&nbsp;","protected":false},"featured_media":4789,"comment_status":"open","ping_status":"closed","template":"","meta":[],"product_cat":[125,31,18,82],"product_tag":[63,54,69,26,70,71,62,66,65,60,61,68,27,67,20,22,21,58,23,59,24],"yoast_head":"<!-- This site is optimized with the Yoast SEO plugin v22.4 - https:\/\/yoast.com\/wordpress\/plugins\/seo\/ -->\n<title>Parte Centrale per Recinzione in PVC Modello Stoccolma<\/title>\n<meta name=\"description\" content=\"La Parte Centrale della nostra Recinzione in PVC, Stoccolma, comprende solamente i pannelli al centro e non i due pali esterni\" \/>\n<meta name=\"robots\" content=\"index, follow, max-snippet:-1, max-image-preview:large, max-video-preview:-1\" \/>\n<link rel=\"canonical\" href=\"https:\/\/www.recinzionipvc.com\/it\/prodotto\/parte-centrale-recinzione-pvc-modello-stoccolma\/\" \/>\n<meta property=\"og:locale\" content=\"it_IT\" \/>\n<meta property=\"og:type\" content=\"article\" \/>\n<meta property=\"og:title\" content=\"Parte Centrale per Recinzione in PVC Modello Stoccolma\" \/>\n<meta property=\"og:description\" content=\"La Parte Centrale della nostra Recinzione in PVC, Stoccolma, comprende solamente i pannelli al centro e non i due pali esterni\" \/>\n<meta property=\"og:url\" content=\"https:\/\/www.recinzionipvc.com\/it\/prodotto\/parte-centrale-recinzione-pvc-modello-stoccolma\/\" \/>\n<meta property=\"og:site_name\" content=\"Recinzioni PVC\" \/>\n<meta property=\"article:publisher\" content=\"https:\/\/www.facebook.com\/ZucchiRecinzioniPVC\" \/>\n<meta property=\"article:modified_time\" content=\"2022-04-04T14:17:13+00:00\" \/>\n<meta property=\"og:image\" content=\"https:\/\/www.recinzionipvc.com\/wp-content\/uploads\/2019\/05\/Stoccolma_FD3_06-Trasparente-scaled.jpg\" \/>\n\t<meta property=\"og:image:width\" content=\"2560\" \/>\n\t<meta property=\"og:image:height\" content=\"1440\" \/>\n\t<meta property=\"og:image:type\" content=\"image\/jpeg\" \/>\n<meta name=\"twitter:card\" content=\"summary_large_image\" \/>\n<script type=\"application\/ld+json\" class=\"yoast-schema-graph\">{\"@context\":\"https:\/\/schema.org\",\"@graph\":[{\"@type\":\"WebPage\",\"@id\":\"https:\/\/www.recinzionipvc.com\/it\/prodotto\/parte-centrale-recinzione-pvc-modello-stoccolma\/\",\"url\":\"https:\/\/www.recinzionipvc.com\/it\/prodotto\/parte-centrale-recinzione-pvc-modello-stoccolma\/\",\"name\":\"Parte Centrale per Recinzione in PVC Modello Stoccolma\",\"isPartOf\":{\"@id\":\"https:\/\/recinzionipvc.com\/it\/#website\"},\"primaryImageOfPage\":{\"@id\":\"https:\/\/www.recinzionipvc.com\/it\/prodotto\/parte-centrale-recinzione-pvc-modello-stoccolma\/#primaryimage\"},\"image\":{\"@id\":\"https:\/\/www.recinzionipvc.com\/it\/prodotto\/parte-centrale-recinzione-pvc-modello-stoccolma\/#primaryimage\"},\"thumbnailUrl\":\"https:\/\/www.recinzionipvc.com\/wp-content\/uploads\/2019\/05\/Stoccolma_FD3_06-Trasparente-scaled.jpg\",\"datePublished\":\"2019-05-10T13:00:55+00:00\",\"dateModified\":\"2022-04-04T14:17:13+00:00\",\"description\":\"La Parte Centrale della nostra Recinzione in PVC, Stoccolma, comprende solamente i pannelli al centro e non i due pali esterni\",\"breadcrumb\":{\"@id\":\"https:\/\/www.recinzionipvc.com\/it\/prodotto\/parte-centrale-recinzione-pvc-modello-stoccolma\/#breadcrumb\"},\"inLanguage\":\"it-IT\",\"potentialAction\":[{\"@type\":\"ReadAction\",\"target\":[\"https:\/\/www.recinzionipvc.com\/it\/prodotto\/parte-centrale-recinzione-pvc-modello-stoccolma\/\"]}]},{\"@type\":\"ImageObject\",\"inLanguage\":\"it-IT\",\"@id\":\"https:\/\/www.recinzionipvc.com\/it\/prodotto\/parte-centrale-recinzione-pvc-modello-stoccolma\/#primaryimage\",\"url\":\"https:\/\/www.recinzionipvc.com\/wp-content\/uploads\/2019\/05\/Stoccolma_FD3_06-Trasparente-scaled.jpg\",\"contentUrl\":\"https:\/\/www.recinzionipvc.com\/wp-content\/uploads\/2019\/05\/Stoccolma_FD3_06-Trasparente-scaled.jpg\",\"width\":2560,\"height\":1440},{\"@type\":\"BreadcrumbList\",\"@id\":\"https:\/\/www.recinzionipvc.com\/it\/prodotto\/parte-centrale-recinzione-pvc-modello-stoccolma\/#breadcrumb\",\"itemListElement\":[{\"@type\":\"ListItem\",\"position\":1,\"name\":\"Home\",\"item\":\"https:\/\/www.recinzionipvc.com\/it\/\"},{\"@type\":\"ListItem\",\"position\":2,\"name\":\"Shop\",\"item\":\"https:\/\/recinzionipvc.com\/it\/negozio\/\"},{\"@type\":\"ListItem\",\"position\":3,\"name\":\"Stoccolma Parte Centrale\"}]},{\"@type\":\"WebSite\",\"@id\":\"https:\/\/recinzionipvc.com\/it\/#website\",\"url\":\"https:\/\/recinzionipvc.com\/it\/\",\"name\":\"Recinzioni PVC\",\"description\":\"La tua prossima recinzione, direttamente creata da te!\",\"potentialAction\":[{\"@type\":\"SearchAction\",\"target\":{\"@type\":\"EntryPoint\",\"urlTemplate\":\"https:\/\/recinzionipvc.com\/it\/?s={search_term_string}\"},\"query-input\":\"required name=search_term_string\"}],\"inLanguage\":\"it-IT\"}]}<\/script>\n<!-- \/ Yoast SEO plugin. -->","yoast_head_json":{"title":"Parte Centrale per Recinzione in PVC Modello Stoccolma","description":"La Parte Centrale della nostra Recinzione in PVC, Stoccolma, comprende solamente i pannelli al centro e non i due pali esterni","robots":{"index":"index","follow":"follow","max-snippet":"max-snippet:-1","max-image-preview":"max-image-preview:large","max-video-preview":"max-video-preview:-1"},"canonical":"https:\/\/www.recinzionipvc.com\/it\/prodotto\/parte-centrale-recinzione-pvc-modello-stoccolma\/","og_locale":"it_IT","og_type":"article","og_title":"Parte Centrale per Recinzione in PVC Modello Stoccolma","og_description":"La Parte Centrale della nostra Recinzione in PVC, Stoccolma, comprende solamente i pannelli al centro e non i due pali esterni","og_url":"https:\/\/www.recinzionipvc.com\/it\/prodotto\/parte-centrale-recinzione-pvc-modello-stoccolma\/","og_site_name":"Recinzioni PVC","article_publisher":"https:\/\/www.facebook.com\/ZucchiRecinzioniPVC","article_modified_time":"2022-04-04T14:17:13+00:00","og_image":[{"width":2560,"height":1440,"url":"https:\/\/www.recinzionipvc.com\/wp-content\/uploads\/2019\/05\/Stoccolma_FD3_06-Trasparente-scaled.jpg","type":"image\/jpeg"}],"twitter_card":"summary_large_image","schema":{"@context":"https:\/\/schema.org","@graph":[{"@type":"WebPage","@id":"https:\/\/www.recinzionipvc.com\/it\/prodotto\/parte-centrale-recinzione-pvc-modello-stoccolma\/","url":"https:\/\/www.recinzionipvc.com\/it\/prodotto\/parte-centrale-recinzione-pvc-modello-stoccolma\/","name":"Parte Centrale per Recinzione in PVC Modello Stoccolma","isPartOf":{"@id":"https:\/\/recinzionipvc.com\/it\/#website"},"primaryImageOfPage":{"@id":"https:\/\/www.recinzionipvc.com\/it\/prodotto\/parte-centrale-recinzione-pvc-modello-stoccolma\/#primaryimage"},"image":{"@id":"https:\/\/www.recinzionipvc.com\/it\/prodotto\/parte-centrale-recinzione-pvc-modello-stoccolma\/#primaryimage"},"thumbnailUrl":"https:\/\/www.recinzionipvc.com\/wp-content\/uploads\/2019\/05\/Stoccolma_FD3_06-Trasparente-scaled.jpg","datePublished":"2019-05-10T13:00:55+00:00","dateModified":"2022-04-04T14:17:13+00:00","description":"La Parte Centrale della nostra Recinzione in PVC, Stoccolma, comprende solamente i pannelli al centro e non i due pali esterni","breadcrumb":{"@id":"https:\/\/www.recinzionipvc.com\/it\/prodotto\/parte-centrale-recinzione-pvc-modello-stoccolma\/#breadcrumb"},"inLanguage":"it-IT","potentialAction":[{"@type":"ReadAction","target":["https:\/\/www.recinzionipvc.com\/it\/prodotto\/parte-centrale-recinzione-pvc-modello-stoccolma\/"]}]},{"@type":"ImageObject","inLanguage":"it-IT","@id":"https:\/\/www.recinzionipvc.com\/it\/prodotto\/parte-centrale-recinzione-pvc-modello-stoccolma\/#primaryimage","url":"https:\/\/www.recinzionipvc.com\/wp-content\/uploads\/2019\/05\/Stoccolma_FD3_06-Trasparente-scaled.jpg","contentUrl":"https:\/\/www.recinzionipvc.com\/wp-content\/uploads\/2019\/05\/Stoccolma_FD3_06-Trasparente-scaled.jpg","width":2560,"height":1440},{"@type":"BreadcrumbList","@id":"https:\/\/www.recinzionipvc.com\/it\/prodotto\/parte-centrale-recinzione-pvc-modello-stoccolma\/#breadcrumb","itemListElement":[{"@type":"ListItem","position":1,"name":"Home","item":"https:\/\/www.recinzionipvc.com\/it\/"},{"@type":"ListItem","position":2,"name":"Shop","item":"https:\/\/recinzionipvc.com\/it\/negozio\/"},{"@type":"ListItem","position":3,"name":"Stoccolma Parte Centrale"}]},{"@type":"WebSite","@id":"https:\/\/recinzionipvc.com\/it\/#website","url":"https:\/\/recinzionipvc.com\/it\/","name":"Recinzioni PVC","description":"La tua prossima recinzione, direttamente creata da te!","potentialAction":[{"@type":"SearchAction","target":{"@type":"EntryPoint","urlTemplate":"https:\/\/recinzionipvc.com\/it\/?s={search_term_string}"},"query-input":"required name=search_term_string"}],"inLanguage":"it-IT"}]}},"_links":{"self":[{"href":"https:\/\/www.recinzionipvc.com\/it\/wp-json\/wp\/v2\/product\/127"}],"collection":[{"href":"https:\/\/www.recinzionipvc.com\/it\/wp-json\/wp\/v2\/product"}],"about":[{"href":"https:\/\/www.recinzionipvc.com\/it\/wp-json\/wp\/v2\/types\/product"}],"replies":[{"embeddable":true,"href":"https:\/\/www.recinzionipvc.com\/it\/wp-json\/wp\/v2\/comments?post=127"}],"wp:featuredmedia":[{"embeddable":true,"href":"https:\/\/www.recinzionipvc.com\/it\/wp-json\/wp\/v2\/media\/4789"}],"wp:attachment":[{"href":"https:\/\/www.recinzionipvc.com\/it\/wp-json\/wp\/v2\/media?parent=127"}],"wp:term":[{"taxonomy":"product_cat","embeddable":true,"href":"https:\/\/www.recinzionipvc.com\/it\/wp-json\/wp\/v2\/product_cat?post=127"},{"taxonomy":"product_tag","embeddable":true,"href":"https:\/\/www.recinzionipvc.com\/it\/wp-json\/wp\/v2\/product_tag?post=127"}],"curies":[{"name":"wp","href":"https:\/\/api.w.org\/{rel}","templated":true}]}}