{"id":6880,"date":"2019-08-07T09:02:13","date_gmt":"2020-10-15T07:01:13","guid":{"rendered":"http:\/\/www.recinzionipvc.com\/prodotto-recinzione-pvc\/poteau-en-acier-en-forme-de-h\/"},"modified":"2023-12-26T12:09:54","modified_gmt":"2023-12-26T10:09:54","slug":"poteau-en-acier-en-forme-de-h","status":"publish","type":"product","link":"https:\/\/www.recinzionipvc.com\/fr\/produit\/poteau-en-acier-en-forme-de-h\/","title":{"rendered":"Poteau en acier en forme de H"},"content":{"rendered":"<em><strong>Poteau en acier en forme de H \u00e0 utiliser uniquement pour les installations dans le b\u00e9ton.<\/strong><\/em>","protected":false},"excerpt":{"rendered":"<strong> <i> Ce m\u00e2t doit \u00eatre utilis\u00e9 avec le terminal et le m\u00e2t de continuation. <\/i> <\/strong>\r\n\r\n<i> <b> Ce m\u00e2t, qui sera ins\u00e9r\u00e9 \u00e0 l&rsquo;int\u00e9rieur du m\u00e2t pvc, sert \u00e0 ancrer la cl\u00f4ture sur le mur ou sur une base en b\u00e9ton. L&rsquo;ancrage doit \u00eatre r\u00e9alis\u00e9 \u00e0 l&rsquo;aide d&rsquo;ancrages en acier pour b\u00e9ton. <\/b> <\/i>","protected":false},"featured_media":7647,"comment_status":"open","ping_status":"closed","template":"","meta":[],"product_cat":[469],"product_tag":[],"yoast_head":"<!-- This site is optimized with the Yoast SEO plugin v22.4 - https:\/\/yoast.com\/wordpress\/plugins\/seo\/ -->\n<title>Poteau en acier en forme de H - Recinzioni PVC<\/title>\n<meta name=\"robots\" content=\"index, follow, max-snippet:-1, max-image-preview:large, max-video-preview:-1\" \/>\n<link rel=\"canonical\" href=\"https:\/\/recinzionipvc.com\/fr\/produit\/poteau-en-acier-en-forme-de-h\/\" \/>\n<meta property=\"og:locale\" content=\"fr_FR\" \/>\n<meta property=\"og:type\" content=\"article\" \/>\n<meta property=\"og:title\" content=\"Poteau en acier en forme de H - Recinzioni PVC\" \/>\n<meta property=\"og:description\" content=\"Ce m\u00e2t doit \u00eatre utilis\u00e9 avec le terminal et le m\u00e2t de continuation.    Ce m\u00e2t, qui sera ins\u00e9r\u00e9 \u00e0 l&#039;int\u00e9rieur du m\u00e2t pvc, sert \u00e0 ancrer la cl\u00f4ture sur le mur ou sur une base en b\u00e9ton. L&#039;ancrage doit \u00eatre r\u00e9alis\u00e9 \u00e0 l&#039;aide d&#039;ancrages en acier pour b\u00e9ton.\" \/>\n<meta property=\"og:url\" content=\"https:\/\/recinzionipvc.com\/fr\/produit\/poteau-en-acier-en-forme-de-h\/\" \/>\n<meta property=\"og:site_name\" content=\"Recinzioni PVC\" \/>\n<meta property=\"article:publisher\" content=\"https:\/\/www.facebook.com\/ZucchiRecinzioniPVC\" \/>\n<meta property=\"article:modified_time\" content=\"2023-12-26T10:09:54+00:00\" \/>\n<meta property=\"og:image\" content=\"https:\/\/recinzionipvc.com\/wp-content\/uploads\/2019\/08\/Palo-1-scaled.jpg\" \/>\n\t<meta property=\"og:image:width\" content=\"2560\" \/>\n\t<meta property=\"og:image:height\" content=\"1440\" \/>\n\t<meta property=\"og:image:type\" content=\"image\/jpeg\" \/>\n<meta name=\"twitter:card\" content=\"summary_large_image\" \/>\n<script type=\"application\/ld+json\" class=\"yoast-schema-graph\">{\"@context\":\"https:\/\/schema.org\",\"@graph\":[{\"@type\":\"WebPage\",\"@id\":\"https:\/\/recinzionipvc.com\/fr\/produit\/poteau-en-acier-en-forme-de-h\/\",\"url\":\"https:\/\/recinzionipvc.com\/fr\/produit\/poteau-en-acier-en-forme-de-h\/\",\"name\":\"Poteau en acier en forme de H - Recinzioni PVC\",\"isPartOf\":{\"@id\":\"https:\/\/www.recinzionipvc.com\/it\/#website\"},\"primaryImageOfPage\":{\"@id\":\"https:\/\/recinzionipvc.com\/fr\/produit\/poteau-en-acier-en-forme-de-h\/#primaryimage\"},\"image\":{\"@id\":\"https:\/\/recinzionipvc.com\/fr\/produit\/poteau-en-acier-en-forme-de-h\/#primaryimage\"},\"thumbnailUrl\":\"https:\/\/www.recinzionipvc.com\/wp-content\/uploads\/2019\/08\/Palo-1-scaled.jpg\",\"datePublished\":\"2020-10-15T07:01:13+00:00\",\"dateModified\":\"2023-12-26T10:09:54+00:00\",\"breadcrumb\":{\"@id\":\"https:\/\/recinzionipvc.com\/fr\/produit\/poteau-en-acier-en-forme-de-h\/#breadcrumb\"},\"inLanguage\":\"fr-FR\",\"potentialAction\":[{\"@type\":\"ReadAction\",\"target\":[\"https:\/\/recinzionipvc.com\/fr\/produit\/poteau-en-acier-en-forme-de-h\/\"]}]},{\"@type\":\"ImageObject\",\"inLanguage\":\"fr-FR\",\"@id\":\"https:\/\/recinzionipvc.com\/fr\/produit\/poteau-en-acier-en-forme-de-h\/#primaryimage\",\"url\":\"https:\/\/www.recinzionipvc.com\/wp-content\/uploads\/2019\/08\/Palo-1-scaled.jpg\",\"contentUrl\":\"https:\/\/www.recinzionipvc.com\/wp-content\/uploads\/2019\/08\/Palo-1-scaled.jpg\",\"width\":2560,\"height\":1440},{\"@type\":\"BreadcrumbList\",\"@id\":\"https:\/\/recinzionipvc.com\/fr\/produit\/poteau-en-acier-en-forme-de-h\/#breadcrumb\",\"itemListElement\":[{\"@type\":\"ListItem\",\"position\":1,\"name\":\"Home\",\"item\":\"https:\/\/www.recinzionipvc.com\/fr\/\"},{\"@type\":\"ListItem\",\"position\":2,\"name\":\"Boutique\",\"item\":\"https:\/\/recinzionipvc.com\/fr\/boutique\/\"},{\"@type\":\"ListItem\",\"position\":3,\"name\":\"Poteau en acier en forme de H\"}]},{\"@type\":\"WebSite\",\"@id\":\"https:\/\/www.recinzionipvc.com\/it\/#website\",\"url\":\"https:\/\/www.recinzionipvc.com\/it\/\",\"name\":\"Recinzioni PVC\",\"description\":\"La tua prossima recinzione, direttamente creata da te!\",\"potentialAction\":[{\"@type\":\"SearchAction\",\"target\":{\"@type\":\"EntryPoint\",\"urlTemplate\":\"https:\/\/www.recinzionipvc.com\/it\/?s={search_term_string}\"},\"query-input\":\"required name=search_term_string\"}],\"inLanguage\":\"fr-FR\"}]}<\/script>\n<!-- \/ Yoast SEO plugin. -->","yoast_head_json":{"title":"Poteau en acier en forme de H - Recinzioni PVC","robots":{"index":"index","follow":"follow","max-snippet":"max-snippet:-1","max-image-preview":"max-image-preview:large","max-video-preview":"max-video-preview:-1"},"canonical":"https:\/\/recinzionipvc.com\/fr\/produit\/poteau-en-acier-en-forme-de-h\/","og_locale":"fr_FR","og_type":"article","og_title":"Poteau en acier en forme de H - Recinzioni PVC","og_description":"Ce m\u00e2t doit \u00eatre utilis\u00e9 avec le terminal et le m\u00e2t de continuation.    Ce m\u00e2t, qui sera ins\u00e9r\u00e9 \u00e0 l'int\u00e9rieur du m\u00e2t pvc, sert \u00e0 ancrer la cl\u00f4ture sur le mur ou sur une base en b\u00e9ton. L'ancrage doit \u00eatre r\u00e9alis\u00e9 \u00e0 l'aide d'ancrages en acier pour b\u00e9ton.","og_url":"https:\/\/recinzionipvc.com\/fr\/produit\/poteau-en-acier-en-forme-de-h\/","og_site_name":"Recinzioni PVC","article_publisher":"https:\/\/www.facebook.com\/ZucchiRecinzioniPVC","article_modified_time":"2023-12-26T10:09:54+00:00","og_image":[{"width":2560,"height":1440,"url":"https:\/\/recinzionipvc.com\/wp-content\/uploads\/2019\/08\/Palo-1-scaled.jpg","type":"image\/jpeg"}],"twitter_card":"summary_large_image","schema":{"@context":"https:\/\/schema.org","@graph":[{"@type":"WebPage","@id":"https:\/\/recinzionipvc.com\/fr\/produit\/poteau-en-acier-en-forme-de-h\/","url":"https:\/\/recinzionipvc.com\/fr\/produit\/poteau-en-acier-en-forme-de-h\/","name":"Poteau en acier en forme de H - Recinzioni PVC","isPartOf":{"@id":"https:\/\/www.recinzionipvc.com\/it\/#website"},"primaryImageOfPage":{"@id":"https:\/\/recinzionipvc.com\/fr\/produit\/poteau-en-acier-en-forme-de-h\/#primaryimage"},"image":{"@id":"https:\/\/recinzionipvc.com\/fr\/produit\/poteau-en-acier-en-forme-de-h\/#primaryimage"},"thumbnailUrl":"https:\/\/www.recinzionipvc.com\/wp-content\/uploads\/2019\/08\/Palo-1-scaled.jpg","datePublished":"2020-10-15T07:01:13+00:00","dateModified":"2023-12-26T10:09:54+00:00","breadcrumb":{"@id":"https:\/\/recinzionipvc.com\/fr\/produit\/poteau-en-acier-en-forme-de-h\/#breadcrumb"},"inLanguage":"fr-FR","potentialAction":[{"@type":"ReadAction","target":["https:\/\/recinzionipvc.com\/fr\/produit\/poteau-en-acier-en-forme-de-h\/"]}]},{"@type":"ImageObject","inLanguage":"fr-FR","@id":"https:\/\/recinzionipvc.com\/fr\/produit\/poteau-en-acier-en-forme-de-h\/#primaryimage","url":"https:\/\/www.recinzionipvc.com\/wp-content\/uploads\/2019\/08\/Palo-1-scaled.jpg","contentUrl":"https:\/\/www.recinzionipvc.com\/wp-content\/uploads\/2019\/08\/Palo-1-scaled.jpg","width":2560,"height":1440},{"@type":"BreadcrumbList","@id":"https:\/\/recinzionipvc.com\/fr\/produit\/poteau-en-acier-en-forme-de-h\/#breadcrumb","itemListElement":[{"@type":"ListItem","position":1,"name":"Home","item":"https:\/\/www.recinzionipvc.com\/fr\/"},{"@type":"ListItem","position":2,"name":"Boutique","item":"https:\/\/recinzionipvc.com\/fr\/boutique\/"},{"@type":"ListItem","position":3,"name":"Poteau en acier en forme de H"}]},{"@type":"WebSite","@id":"https:\/\/www.recinzionipvc.com\/it\/#website","url":"https:\/\/www.recinzionipvc.com\/it\/","name":"Recinzioni PVC","description":"La tua prossima recinzione, direttamente creata da te!","potentialAction":[{"@type":"SearchAction","target":{"@type":"EntryPoint","urlTemplate":"https:\/\/www.recinzionipvc.com\/it\/?s={search_term_string}"},"query-input":"required name=search_term_string"}],"inLanguage":"fr-FR"}]}},"_links":{"self":[{"href":"https:\/\/www.recinzionipvc.com\/fr\/wp-json\/wp\/v2\/product\/6880"}],"collection":[{"href":"https:\/\/www.recinzionipvc.com\/fr\/wp-json\/wp\/v2\/product"}],"about":[{"href":"https:\/\/www.recinzionipvc.com\/fr\/wp-json\/wp\/v2\/types\/product"}],"replies":[{"embeddable":true,"href":"https:\/\/www.recinzionipvc.com\/fr\/wp-json\/wp\/v2\/comments?post=6880"}],"wp:featuredmedia":[{"embeddable":true,"href":"https:\/\/www.recinzionipvc.com\/fr\/wp-json\/wp\/v2\/media\/7647"}],"wp:attachment":[{"href":"https:\/\/www.recinzionipvc.com\/fr\/wp-json\/wp\/v2\/media?parent=6880"}],"wp:term":[{"taxonomy":"product_cat","embeddable":true,"href":"https:\/\/www.recinzionipvc.com\/fr\/wp-json\/wp\/v2\/product_cat?post=6880"},{"taxonomy":"product_tag","embeddable":true,"href":"https:\/\/www.recinzionipvc.com\/fr\/wp-json\/wp\/v2\/product_tag?post=6880"}],"curies":[{"name":"wp","href":"https:\/\/api.w.org\/{rel}","templated":true}]}}