{"id":6817,"date":"2020-06-16T07:35:57","date_gmt":"2020-10-13T15:15:01","guid":{"rendered":"http:\/\/www.recinzionipvc.com\/prodotto-recinzione-pvc\/new-york-partie-centrale\/"},"modified":"2020-12-07T13:01:51","modified_gmt":"2020-12-07T11:01:51","slug":"new-york-partie-centrale-cloture-en-pvc","status":"publish","type":"product","link":"https:\/\/www.recinzionipvc.com\/fr\/produit\/new-york-partie-centrale-cloture-en-pvc\/","title":{"rendered":"New York Partie Centrale"},"content":{"rendered":"<p id=\"tw-target-text\" class=\"tw-data-text tw-text-large XcVN5d tw-ta\" dir=\"ltr\" data-placeholder=\"Traduzione\"><em><strong><span lang=\"fr\">Notre cl\u00f4ture en PVC, mod\u00e8le <a href=\"https:\/\/www.recinzionipvc.com\/it\/modelli-differenti-di-recinzioni-in-pvc\/new-york\/\">New York<\/a>, est le dernier mod\u00e8le \u00e0 arriver dans nos produits. Il est cr\u00e9\u00e9 \u00e0 partir de la demande d&rsquo;intimit\u00e9 mais \u00e0 la fois d&rsquo;une touche de design et de la possibilit\u00e9 d&rsquo;avoir un jeu de lumi\u00e8re qui puisse le traverser. La particularit\u00e9 de <a href=\"https:\/\/www.recinzionipvc.com\/it\/modelli-differenti-di-recinzioni-in-pvc\/new-york\/\">New York<\/a> est en fait la distance d\u00e9tach\u00e9e entre une planche et l&rsquo;autre qui laisse passer la lumi\u00e8re et donc un aper\u00e7u de ce qui se passe \u00e0 l&rsquo;ext\u00e9rieur de la cl\u00f4ture. <\/span><\/strong><\/em><\/p>\r\n<p class=\"tw-data-text tw-text-large XcVN5d tw-ta\" dir=\"ltr\" data-placeholder=\"Traduzione\"><em><strong><span lang=\"fr\">Le mod\u00e8le <a href=\"https:\/\/www.recinzionipvc.com\/it\/modelli-differenti-di-recinzioni-in-pvc\/new-york\/\">New York<\/a> fait partie de la famille <a href=\"https:\/\/www.recinzionipvc.com\/fr\/familles-de-clotures-en-pvc-cinq-modeles-differents\/clotures-pvc-semi-privacy\/\">SemiPrivacy<\/a>.<\/span><\/strong><\/em><\/p>","protected":false},"excerpt":{"rendered":"<em> <strong> Notre cl\u00f4ture en PVC, mod\u00e8le <a href=\"https:\/\/www.recinzionipvc.com\/it\/modelli-differenti-di-recinzioni-in-pvc\/new-york\/\">New York<\/a>, est issue de la demande d&rsquo;intimit\u00e9 mais pas seulement, \u00e9galement de design. <\/strong> <\/em>\r\n\r\n<em> <b> Le mod\u00e8le<a href=\"https:\/\/www.recinzionipvc.com\/it\/modelli-differenti-di-recinzioni-in-pvc\/new-york\/\"> New York<\/a> convient pour cl\u00f4turer les maisons, les jardins, les aires de jeux pour enfants &#8230; <\/b> <\/em>\r\n\r\n<em> <strong> (La partie centrale est d\u00e9mont\u00e9e pour l&rsquo;exp\u00e9dition et n&rsquo;inclut pas les poteaux externes) <\/strong> <\/em>\r\n\r\n&nbsp;","protected":false},"featured_media":7138,"comment_status":"open","ping_status":"closed","template":"","meta":[],"product_cat":[447,584,449,547],"product_tag":[557,558,450,471,452,459,457,466,465,461,464,458,462,463,455,454,460,498,451,453,456],"yoast_head":"<!-- This site is optimized with the Yoast SEO plugin v22.4 - https:\/\/yoast.com\/wordpress\/plugins\/seo\/ -->\n<title>Partie centrale de notre famille de Cl\u00f4ture en PVC New York<\/title>\n<meta name=\"description\" content=\"Partie centrale de notre famille de Cl\u00f4ture en PVC, New York, comprend uniquement les panneaux au centre et non les deux poteaux externes\" \/>\n<meta name=\"robots\" content=\"index, follow, max-snippet:-1, max-image-preview:large, max-video-preview:-1\" \/>\n<link rel=\"canonical\" href=\"https:\/\/recinzionipvc.com\/fr\/produit\/new-york-partie-centrale-cloture-en-pvc\/\" \/>\n<meta property=\"og:locale\" content=\"fr_FR\" \/>\n<meta property=\"og:type\" content=\"article\" \/>\n<meta property=\"og:title\" content=\"Partie centrale de notre famille de Cl\u00f4ture en PVC New York\" \/>\n<meta property=\"og:description\" content=\"Partie centrale de notre famille de Cl\u00f4ture en PVC, New York, comprend uniquement les panneaux au centre et non les deux poteaux externes\" \/>\n<meta property=\"og:url\" content=\"https:\/\/recinzionipvc.com\/fr\/produit\/new-york-partie-centrale-cloture-en-pvc\/\" \/>\n<meta property=\"og:site_name\" content=\"Recinzioni PVC\" \/>\n<meta property=\"article:publisher\" content=\"https:\/\/www.facebook.com\/ZucchiRecinzioniPVC\" \/>\n<meta property=\"article:modified_time\" content=\"2020-12-07T11:01:51+00:00\" \/>\n<meta property=\"og:image\" content=\"https:\/\/recinzionipvc.com\/wp-content\/uploads\/2020\/10\/NewYork-PaliTrasparenti-scaled.jpg\" \/>\n\t<meta property=\"og:image:width\" content=\"2560\" \/>\n\t<meta property=\"og:image:height\" content=\"1440\" \/>\n\t<meta property=\"og:image:type\" content=\"image\/jpeg\" \/>\n<meta name=\"twitter:card\" content=\"summary_large_image\" \/>\n<script type=\"application\/ld+json\" class=\"yoast-schema-graph\">{\"@context\":\"https:\/\/schema.org\",\"@graph\":[{\"@type\":\"WebPage\",\"@id\":\"https:\/\/recinzionipvc.com\/fr\/produit\/new-york-partie-centrale-cloture-en-pvc\/\",\"url\":\"https:\/\/recinzionipvc.com\/fr\/produit\/new-york-partie-centrale-cloture-en-pvc\/\",\"name\":\"Partie centrale de notre famille de Cl\u00f4ture en PVC New York\",\"isPartOf\":{\"@id\":\"https:\/\/www.recinzionipvc.com\/it\/#website\"},\"primaryImageOfPage\":{\"@id\":\"https:\/\/recinzionipvc.com\/fr\/produit\/new-york-partie-centrale-cloture-en-pvc\/#primaryimage\"},\"image\":{\"@id\":\"https:\/\/recinzionipvc.com\/fr\/produit\/new-york-partie-centrale-cloture-en-pvc\/#primaryimage\"},\"thumbnailUrl\":\"https:\/\/www.recinzionipvc.com\/wp-content\/uploads\/2020\/10\/NewYork-PaliTrasparenti-scaled.jpg\",\"datePublished\":\"2020-10-13T15:15:01+00:00\",\"dateModified\":\"2020-12-07T11:01:51+00:00\",\"description\":\"Partie centrale de notre famille de Cl\u00f4ture en PVC, New York, comprend uniquement les panneaux au centre et non les deux poteaux externes\",\"breadcrumb\":{\"@id\":\"https:\/\/recinzionipvc.com\/fr\/produit\/new-york-partie-centrale-cloture-en-pvc\/#breadcrumb\"},\"inLanguage\":\"fr-FR\",\"potentialAction\":[{\"@type\":\"ReadAction\",\"target\":[\"https:\/\/recinzionipvc.com\/fr\/produit\/new-york-partie-centrale-cloture-en-pvc\/\"]}]},{\"@type\":\"ImageObject\",\"inLanguage\":\"fr-FR\",\"@id\":\"https:\/\/recinzionipvc.com\/fr\/produit\/new-york-partie-centrale-cloture-en-pvc\/#primaryimage\",\"url\":\"https:\/\/www.recinzionipvc.com\/wp-content\/uploads\/2020\/10\/NewYork-PaliTrasparenti-scaled.jpg\",\"contentUrl\":\"https:\/\/www.recinzionipvc.com\/wp-content\/uploads\/2020\/10\/NewYork-PaliTrasparenti-scaled.jpg\",\"width\":2560,\"height\":1440},{\"@type\":\"BreadcrumbList\",\"@id\":\"https:\/\/recinzionipvc.com\/fr\/produit\/new-york-partie-centrale-cloture-en-pvc\/#breadcrumb\",\"itemListElement\":[{\"@type\":\"ListItem\",\"position\":1,\"name\":\"Home\",\"item\":\"https:\/\/recinzionipvc.com\/fr\/\"},{\"@type\":\"ListItem\",\"position\":2,\"name\":\"Boutique\",\"item\":\"https:\/\/www.recinzionipvc.com\/fr\/boutique\/\"},{\"@type\":\"ListItem\",\"position\":3,\"name\":\"New York Partie Centrale\"}]},{\"@type\":\"WebSite\",\"@id\":\"https:\/\/www.recinzionipvc.com\/it\/#website\",\"url\":\"https:\/\/www.recinzionipvc.com\/it\/\",\"name\":\"Recinzioni PVC\",\"description\":\"La tua prossima recinzione, direttamente creata da te!\",\"potentialAction\":[{\"@type\":\"SearchAction\",\"target\":{\"@type\":\"EntryPoint\",\"urlTemplate\":\"https:\/\/www.recinzionipvc.com\/it\/?s={search_term_string}\"},\"query-input\":\"required name=search_term_string\"}],\"inLanguage\":\"fr-FR\"}]}<\/script>\n<!-- \/ Yoast SEO plugin. -->","yoast_head_json":{"title":"Partie centrale de notre famille de Cl\u00f4ture en PVC New York","description":"Partie centrale de notre famille de Cl\u00f4ture en PVC, New York, comprend uniquement les panneaux au centre et non les deux poteaux externes","robots":{"index":"index","follow":"follow","max-snippet":"max-snippet:-1","max-image-preview":"max-image-preview:large","max-video-preview":"max-video-preview:-1"},"canonical":"https:\/\/recinzionipvc.com\/fr\/produit\/new-york-partie-centrale-cloture-en-pvc\/","og_locale":"fr_FR","og_type":"article","og_title":"Partie centrale de notre famille de Cl\u00f4ture en PVC New York","og_description":"Partie centrale de notre famille de Cl\u00f4ture en PVC, New York, comprend uniquement les panneaux au centre et non les deux poteaux externes","og_url":"https:\/\/recinzionipvc.com\/fr\/produit\/new-york-partie-centrale-cloture-en-pvc\/","og_site_name":"Recinzioni PVC","article_publisher":"https:\/\/www.facebook.com\/ZucchiRecinzioniPVC","article_modified_time":"2020-12-07T11:01:51+00:00","og_image":[{"width":2560,"height":1440,"url":"https:\/\/recinzionipvc.com\/wp-content\/uploads\/2020\/10\/NewYork-PaliTrasparenti-scaled.jpg","type":"image\/jpeg"}],"twitter_card":"summary_large_image","schema":{"@context":"https:\/\/schema.org","@graph":[{"@type":"WebPage","@id":"https:\/\/recinzionipvc.com\/fr\/produit\/new-york-partie-centrale-cloture-en-pvc\/","url":"https:\/\/recinzionipvc.com\/fr\/produit\/new-york-partie-centrale-cloture-en-pvc\/","name":"Partie centrale de notre famille de Cl\u00f4ture en PVC New York","isPartOf":{"@id":"https:\/\/www.recinzionipvc.com\/it\/#website"},"primaryImageOfPage":{"@id":"https:\/\/recinzionipvc.com\/fr\/produit\/new-york-partie-centrale-cloture-en-pvc\/#primaryimage"},"image":{"@id":"https:\/\/recinzionipvc.com\/fr\/produit\/new-york-partie-centrale-cloture-en-pvc\/#primaryimage"},"thumbnailUrl":"https:\/\/www.recinzionipvc.com\/wp-content\/uploads\/2020\/10\/NewYork-PaliTrasparenti-scaled.jpg","datePublished":"2020-10-13T15:15:01+00:00","dateModified":"2020-12-07T11:01:51+00:00","description":"Partie centrale de notre famille de Cl\u00f4ture en PVC, New York, comprend uniquement les panneaux au centre et non les deux poteaux externes","breadcrumb":{"@id":"https:\/\/recinzionipvc.com\/fr\/produit\/new-york-partie-centrale-cloture-en-pvc\/#breadcrumb"},"inLanguage":"fr-FR","potentialAction":[{"@type":"ReadAction","target":["https:\/\/recinzionipvc.com\/fr\/produit\/new-york-partie-centrale-cloture-en-pvc\/"]}]},{"@type":"ImageObject","inLanguage":"fr-FR","@id":"https:\/\/recinzionipvc.com\/fr\/produit\/new-york-partie-centrale-cloture-en-pvc\/#primaryimage","url":"https:\/\/www.recinzionipvc.com\/wp-content\/uploads\/2020\/10\/NewYork-PaliTrasparenti-scaled.jpg","contentUrl":"https:\/\/www.recinzionipvc.com\/wp-content\/uploads\/2020\/10\/NewYork-PaliTrasparenti-scaled.jpg","width":2560,"height":1440},{"@type":"BreadcrumbList","@id":"https:\/\/recinzionipvc.com\/fr\/produit\/new-york-partie-centrale-cloture-en-pvc\/#breadcrumb","itemListElement":[{"@type":"ListItem","position":1,"name":"Home","item":"https:\/\/recinzionipvc.com\/fr\/"},{"@type":"ListItem","position":2,"name":"Boutique","item":"https:\/\/www.recinzionipvc.com\/fr\/boutique\/"},{"@type":"ListItem","position":3,"name":"New York Partie Centrale"}]},{"@type":"WebSite","@id":"https:\/\/www.recinzionipvc.com\/it\/#website","url":"https:\/\/www.recinzionipvc.com\/it\/","name":"Recinzioni PVC","description":"La tua prossima recinzione, direttamente creata da te!","potentialAction":[{"@type":"SearchAction","target":{"@type":"EntryPoint","urlTemplate":"https:\/\/www.recinzionipvc.com\/it\/?s={search_term_string}"},"query-input":"required name=search_term_string"}],"inLanguage":"fr-FR"}]}},"_links":{"self":[{"href":"https:\/\/www.recinzionipvc.com\/fr\/wp-json\/wp\/v2\/product\/6817"}],"collection":[{"href":"https:\/\/www.recinzionipvc.com\/fr\/wp-json\/wp\/v2\/product"}],"about":[{"href":"https:\/\/www.recinzionipvc.com\/fr\/wp-json\/wp\/v2\/types\/product"}],"replies":[{"embeddable":true,"href":"https:\/\/www.recinzionipvc.com\/fr\/wp-json\/wp\/v2\/comments?post=6817"}],"wp:featuredmedia":[{"embeddable":true,"href":"https:\/\/www.recinzionipvc.com\/fr\/wp-json\/wp\/v2\/media\/7138"}],"wp:attachment":[{"href":"https:\/\/www.recinzionipvc.com\/fr\/wp-json\/wp\/v2\/media?parent=6817"}],"wp:term":[{"taxonomy":"product_cat","embeddable":true,"href":"https:\/\/www.recinzionipvc.com\/fr\/wp-json\/wp\/v2\/product_cat?post=6817"},{"taxonomy":"product_tag","embeddable":true,"href":"https:\/\/www.recinzionipvc.com\/fr\/wp-json\/wp\/v2\/product_tag?post=6817"}],"curies":[{"name":"wp","href":"https:\/\/api.w.org\/{rel}","templated":true}]}}