{"id":6555,"date":"2020-09-10T15:37:15","date_gmt":"2020-09-10T15:37:15","guid":{"rendered":"http:\/\/www.recinzionipvc.com\/landings\/la-meilleure-cloture-pour-le-jardin-avec-pelouse\/"},"modified":"2022-05-09T14:20:05","modified_gmt":"2022-05-09T12:20:05","slug":"la-meilleure-cloture-pour-le-jardin-avec-pelouse","status":"publish","type":"page","link":"https:\/\/www.recinzionipvc.com\/fr\/landings\/la-meilleure-cloture-pour-le-jardin-avec-pelouse\/","title":{"rendered":"La meilleure cl\u00f4ture pour le jardin avec pelouse"},"content":{"rendered":"<div class=\"fusion-fullwidth fullwidth-box fusion-builder-row-1 nonhundred-percent-fullwidth non-hundred-percent-height-scrolling\" style=\"background-color: rgba(255,255,255,0);background-position: center center;background-repeat: no-repeat;padding-top:0px;padding-right:0px;padding-bottom:0px;padding-left:0px;margin-bottom: 0px;margin-top: 0px;border-width: 0px 0px 0px 0px;border-color:#eae9e9;border-style:solid;\" ><div class=\"fusion-builder-row fusion-row\"><div class=\"fusion-layout-column fusion_builder_column fusion-builder-column-0 fusion_builder_column_1_1 1_1 fusion-one-full fusion-column-first fusion-column-last\" style=\"margin-top:0px;margin-bottom:20px;\"><div class=\"fusion-column-wrapper fusion-flex-column-wrapper-legacy\" style=\"background-position:left top;background-repeat:no-repeat;-webkit-background-size:cover;-moz-background-size:cover;-o-background-size:cover;background-size:cover;padding: 0px 0px 0px 0px;\"><div class=\"fusion-text fusion-text-1\"><div class=\"jhH5U\">\n<div id=\"tw-ob\" class=\"tw-src-ltr\">\n<div class=\"oSioSc\">\n<div id=\"tw-target\">\n<div id=\"kAz1tf\" class=\"g9WsWb\">\n<div id=\"tw-target-text-container\" class=\"tw-ta-container hide-focus-ring tw-nfl\" tabindex=\"0\">\n<h1 id=\"tw-target-text\" class=\"tw-data-text tw-text-large XcVN5d tw-ta\" dir=\"ltr\" data-placeholder=\"Traduzione\"><span lang=\"fr\">La meilleure cl\u00f4ture pour le jardin avec pelouse<\/span><\/h1>\n<\/div>\n<div id=\"tw-target-rmn-container\" class=\"tw-ta-container hide-focus-ring tw-nfl\"><\/div>\n<div class=\"iYB33c\">\n<div id=\"tw-tmenu\" class=\"tw-menu\">\n<p id=\"tw-target-text\" class=\"tw-data-text tw-text-large XcVN5d tw-ta\" dir=\"ltr\" data-placeholder=\"Traduzione\"><span lang=\"fr\">Nos <em><strong>cl\u00f4tures en PVC<\/strong><\/em> sont la solution id\u00e9ale pour ceux qui veulent <strong><em>embellir<\/em> <\/strong>mais aussi <em><strong>prot\u00e9ger leur pelouse<\/strong><\/em>; ils sont <strong><em>pratiques<\/em> <\/strong>et <em><strong>faciles \u00e0 monter<\/strong><\/em>, il faut faire attention \u00e0 fixer les poteaux dans le sol ou le b\u00e9ton, pour le reste, une fois assembl\u00e9s, il n&rsquo;y aura plus de probl\u00e8mes. Entretenir une pelouse est tr\u00e8s important mais en m\u00eame temps difficile, c&rsquo;est pourquoi nos<em><strong> cl\u00f4tures en PVC<\/strong><\/em> sont une alternative valable aux <strong><em>cl\u00f4tures en bois<\/em><\/strong> qui n\u00e9cessitent un <strong><em>entretien<\/em> <\/strong>continu: c&rsquo;est ainsi que vous aurez un travail de moins \u00e0 faire pour l&rsquo;entretien de votre <em><strong>pelouse anglais<\/strong><\/em>. Les avantages de nos <strong><em>produits en PVC<\/em><\/strong> sont:<\/span><\/p>\n<\/div>\n<\/div>\n<\/div>\n<\/div>\n<\/div>\n<\/div>\n<ul>\n<li id=\"tw-images\">\n<p id=\"tw-target-text\" class=\"tw-data-text tw-text-large XcVN5d tw-ta\" dir=\"ltr\" data-placeholder=\"Traduzione\"><span lang=\"fr\"><strong><em>Aucun entretien<\/em><\/strong>, une fois install\u00e9 <\/span><\/p>\n<\/li>\n<li>\n<p id=\"tw-target-text\" class=\"tw-data-text tw-text-large XcVN5d tw-ta\" dir=\"ltr\" data-placeholder=\"Traduzione\"><span lang=\"fr\">La <em><strong>couleur<\/strong> <\/em>que nous <em><strong>garantissons est de 25 ans<\/strong><\/em> pour le blanc, 2 ans pour le gris et le beige <\/span><\/p>\n<\/li>\n<li>\n<p id=\"tw-target-text\" class=\"tw-data-text tw-text-large XcVN5d tw-ta\" dir=\"ltr\" data-placeholder=\"Traduzione\"><em><strong><span lang=\"fr\">R\u00e9sistant aux intemp\u00e9ries <\/span><\/strong><\/em><\/p>\n<\/li>\n<li>\n<p id=\"tw-target-text\" class=\"tw-data-text tw-text-large XcVN5d tw-ta\" dir=\"ltr\" data-placeholder=\"Traduzione\"><strong><em><span lang=\"fr\">\u00c9cologique <\/span><\/em><\/strong><\/p>\n<\/li>\n<li>\n<p id=\"tw-target-text\" class=\"tw-data-text tw-text-large XcVN5d tw-ta\" dir=\"ltr\" data-placeholder=\"Traduzione\"><span lang=\"fr\"><em><strong>Assemblage facile<\/strong><\/em> m\u00eame sans l&rsquo;aide d&rsquo;un expert<\/span><\/p>\n<\/li>\n<li>\n<p id=\"tw-target-text\" class=\"tw-data-text tw-text-large XcVN5d tw-ta\" dir=\"ltr\" data-placeholder=\"Traduzione\"><span lang=\"fr\">Ils s&rsquo;adaptent parfaitement \u00e0 l<strong><em>&lsquo;environnement<\/em> <\/strong>dans lequel ils sont install\u00e9s <\/span><\/p>\n<\/li>\n<li>\n<p id=\"tw-target-text\" class=\"tw-data-text tw-text-large XcVN5d tw-ta\" dir=\"ltr\" data-placeholder=\"Traduzione\"><span lang=\"fr\">Ils ne nuisent pas aux enfants ni aux animaux: le <strong><em>vinyle<\/em> <\/strong>que nous utilisons a une surface non poreuse et lisse, sans ar\u00eates vives ni \u00e9clats\u00a0<\/span><\/p>\n<\/li>\n<\/ul>\n<div class=\"dURPtb\"><\/div>\n<div>\n<div><\/div>\n<\/div>\n<\/div>\n<\/div><div class=\"fusion-clearfix\"><\/div><\/div><\/div><\/div><\/div><div class=\"fusion-fullwidth fullwidth-box fusion-builder-row-2 fusion-flex-container nonhundred-percent-fullwidth non-hundred-percent-height-scrolling\" style=\"background-color: rgba(255,255,255,0);background-position: center center;background-repeat: no-repeat;border-width: 0px 0px 0px 0px;border-color:#eae9e9;border-style:solid;\" ><div class=\"fusion-builder-row fusion-row fusion-flex-align-items-flex-start\" style=\"max-width:1144px;margin-left: calc(-4% \/ 2 );margin-right: calc(-4% \/ 2 );\"><div class=\"fusion-layout-column fusion_builder_column fusion-builder-column-1 fusion_builder_column_1_3 1_3 fusion-flex-column\"><div class=\"fusion-column-wrapper fusion-flex-justify-content-flex-start fusion-content-layout-column\" style=\"background-position:left top;background-repeat:no-repeat;-webkit-background-size:cover;-moz-background-size:cover;-o-background-size:cover;background-size:cover;padding: 0px 0px 0px 0px;\"><div ><span class=\" fusion-imageframe imageframe-none imageframe-1 hover-type-none\"><a class=\"fusion-no-lightbox\" href=\"https:\/\/www.recinzionipvc.com\/modelli-di-recinzioni-in-pvc\/atene\/\" target=\"_self\" aria-label=\"Atene_grigio (2)\"><img decoding=\"async\" width=\"300\" image_height=\"160\" image_id=\"12617\" src=\"https:\/\/www.recinzionipvc.com\/wp-content\/uploads\/2021\/04\/Atene_grigio-2.jpg\" data-orig-src=\"https:\/\/www.recinzionipvc.com\/wp-content\/uploads\/2021\/04\/Atene_grigio-2-300x160.jpg\" class=\"lazyload img-responsive wp-image-12617\" srcset=\"data:image\/svg+xml,%3Csvg%20xmlns%3D%27http%3A%2F%2Fwww.w3.org%2F2000%2Fsvg%27%20width%3D%271599%27%20height%3D%27853%27%20viewBox%3D%270%200%201599%20853%27%3E%3Crect%20width%3D%271599%27%20height%3D%273853%27%20fill-opacity%3D%220%22%2F%3E%3C%2Fsvg%3E\" data-srcset=\"https:\/\/www.recinzionipvc.com\/wp-content\/uploads\/2021\/04\/Atene_grigio-2-200x107.jpg 200w, https:\/\/www.recinzionipvc.com\/wp-content\/uploads\/2021\/04\/Atene_grigio-2-400x213.jpg 400w, https:\/\/www.recinzionipvc.com\/wp-content\/uploads\/2021\/04\/Atene_grigio-2-600x320.jpg 600w, https:\/\/www.recinzionipvc.com\/wp-content\/uploads\/2021\/04\/Atene_grigio-2-800x427.jpg 800w, https:\/\/www.recinzionipvc.com\/wp-content\/uploads\/2021\/04\/Atene_grigio-2-1200x640.jpg 1200w, https:\/\/www.recinzionipvc.com\/wp-content\/uploads\/2021\/04\/Atene_grigio-2.jpg 1599w\" data-sizes=\"auto\" data-orig-sizes=\"(max-width: 1024px) 100vw, (max-width: 640px) 100vw, 400px\" \/><\/a><\/span><\/div><\/div><\/div><style type=\"text\/css\">.fusion-body .fusion-builder-column-1{width:33.333333333333% !important;margin-top : 0px;margin-bottom : 20px;}.fusion-builder-column-1 > .fusion-column-wrapper {padding-top : 0px !important;padding-right : 0px !important;margin-right : 5.76%;padding-bottom : 0px !important;padding-left : 0px !important;margin-left : 5.76%;}@media only screen and (max-width:1024px) {.fusion-body .fusion-builder-column-1{width:100% !important;order : 0;}.fusion-builder-column-1 > .fusion-column-wrapper {margin-right : 1.92%;margin-left : 1.92%;}}@media only screen and (max-width:640px) {.fusion-body .fusion-builder-column-1{width:100% !important;order : 0;}.fusion-builder-column-1 > .fusion-column-wrapper {margin-right : 1.92%;margin-left : 1.92%;}}<\/style><div class=\"fusion-layout-column fusion_builder_column fusion-builder-column-2 fusion_builder_column_1_3 1_3 fusion-flex-column\"><div class=\"fusion-column-wrapper fusion-flex-justify-content-flex-start fusion-content-layout-column\" style=\"background-position:left top;background-repeat:no-repeat;-webkit-background-size:cover;-moz-background-size:cover;-o-background-size:cover;background-size:cover;padding: 0px 0px 0px 0px;\"><div ><span class=\" fusion-imageframe imageframe-none imageframe-2 hover-type-none\"><a class=\"fusion-no-lightbox\" href=\"https:\/\/www.recinzionipvc.com\/modelli-di-recinzioni-in-pvc\/siena\/\" target=\"_self\" aria-label=\"Melbourne\"><img decoding=\"async\" width=\"300\" image_height=\"169\" image_id=\"11260\" src=\"https:\/\/www.recinzionipvc.com\/wp-content\/uploads\/2020\/11\/Melbourne-1.jpg\" data-orig-src=\"https:\/\/www.recinzionipvc.com\/wp-content\/uploads\/2020\/11\/Melbourne-1-300x169.jpg\" class=\"lazyload img-responsive wp-image-11260\" srcset=\"data:image\/svg+xml,%3Csvg%20xmlns%3D%27http%3A%2F%2Fwww.w3.org%2F2000%2Fsvg%27%20width%3D%271375%27%20height%3D%27773%27%20viewBox%3D%270%200%201375%20773%27%3E%3Crect%20width%3D%271375%27%20height%3D%273773%27%20fill-opacity%3D%220%22%2F%3E%3C%2Fsvg%3E\" data-srcset=\"https:\/\/www.recinzionipvc.com\/wp-content\/uploads\/2020\/11\/Melbourne-1-200x112.jpg 200w, https:\/\/www.recinzionipvc.com\/wp-content\/uploads\/2020\/11\/Melbourne-1-400x225.jpg 400w, https:\/\/www.recinzionipvc.com\/wp-content\/uploads\/2020\/11\/Melbourne-1-600x337.jpg 600w, https:\/\/www.recinzionipvc.com\/wp-content\/uploads\/2020\/11\/Melbourne-1-800x450.jpg 800w, https:\/\/www.recinzionipvc.com\/wp-content\/uploads\/2020\/11\/Melbourne-1-1200x675.jpg 1200w, https:\/\/www.recinzionipvc.com\/wp-content\/uploads\/2020\/11\/Melbourne-1.jpg 1375w\" data-sizes=\"auto\" data-orig-sizes=\"(max-width: 1024px) 100vw, (max-width: 640px) 100vw, 400px\" \/><\/a><\/span><\/div><\/div><\/div><style type=\"text\/css\">.fusion-body .fusion-builder-column-2{width:33.333333333333% !important;margin-top : 0px;margin-bottom : 20px;}.fusion-builder-column-2 > .fusion-column-wrapper {padding-top : 0px !important;padding-right : 0px !important;margin-right : 5.76%;padding-bottom : 0px !important;padding-left : 0px !important;margin-left : 5.76%;}@media only screen and (max-width:1024px) {.fusion-body .fusion-builder-column-2{width:100% !important;order : 0;}.fusion-builder-column-2 > .fusion-column-wrapper {margin-right : 1.92%;margin-left : 1.92%;}}@media only screen and (max-width:640px) {.fusion-body .fusion-builder-column-2{width:100% !important;order : 0;}.fusion-builder-column-2 > .fusion-column-wrapper {margin-right : 1.92%;margin-left : 1.92%;}}<\/style><div class=\"fusion-layout-column fusion_builder_column fusion-builder-column-3 fusion_builder_column_1_3 1_3 fusion-flex-column\"><div class=\"fusion-column-wrapper fusion-flex-justify-content-flex-start fusion-content-layout-column\" style=\"background-position:left top;background-repeat:no-repeat;-webkit-background-size:cover;-moz-background-size:cover;-o-background-size:cover;background-size:cover;padding: 0px 0px 0px 0px;\"><div ><span class=\" fusion-imageframe imageframe-none imageframe-3 hover-type-none\"><a class=\"fusion-no-lightbox\" href=\"https:\/\/www.recinzionipvc.com\/modelli-di-recinzioni-in-pvc\/stoccolma\/\" target=\"_self\" aria-label=\"WhatsApp Image 2020-07-03 at 17.20.53 (1)\"><img decoding=\"async\" width=\"300\" image_height=\"169\" image_id=\"11171\" src=\"https:\/\/www.recinzionipvc.com\/wp-content\/uploads\/2020\/11\/WhatsApp-Image-2020-07-03-at-17.20.53-1.jpg\" data-orig-src=\"https:\/\/www.recinzionipvc.com\/wp-content\/uploads\/2020\/11\/WhatsApp-Image-2020-07-03-at-17.20.53-1-300x169.jpg\" class=\"lazyload img-responsive wp-image-11171\" srcset=\"data:image\/svg+xml,%3Csvg%20xmlns%3D%27http%3A%2F%2Fwww.w3.org%2F2000%2Fsvg%27%20width%3D%271599%27%20height%3D%27900%27%20viewBox%3D%270%200%201599%20900%27%3E%3Crect%20width%3D%271599%27%20height%3D%273900%27%20fill-opacity%3D%220%22%2F%3E%3C%2Fsvg%3E\" data-srcset=\"https:\/\/www.recinzionipvc.com\/wp-content\/uploads\/2020\/11\/WhatsApp-Image-2020-07-03-at-17.20.53-1-200x113.jpg 200w, https:\/\/www.recinzionipvc.com\/wp-content\/uploads\/2020\/11\/WhatsApp-Image-2020-07-03-at-17.20.53-1-400x225.jpg 400w, https:\/\/www.recinzionipvc.com\/wp-content\/uploads\/2020\/11\/WhatsApp-Image-2020-07-03-at-17.20.53-1-600x338.jpg 600w, https:\/\/www.recinzionipvc.com\/wp-content\/uploads\/2020\/11\/WhatsApp-Image-2020-07-03-at-17.20.53-1-800x450.jpg 800w, https:\/\/www.recinzionipvc.com\/wp-content\/uploads\/2020\/11\/WhatsApp-Image-2020-07-03-at-17.20.53-1-1200x675.jpg 1200w, https:\/\/www.recinzionipvc.com\/wp-content\/uploads\/2020\/11\/WhatsApp-Image-2020-07-03-at-17.20.53-1.jpg 1599w\" data-sizes=\"auto\" data-orig-sizes=\"(max-width: 1024px) 100vw, (max-width: 640px) 100vw, 400px\" \/><\/a><\/span><\/div><\/div><\/div><style type=\"text\/css\">.fusion-body .fusion-builder-column-3{width:33.333333333333% !important;margin-top : 0px;margin-bottom : 20px;}.fusion-builder-column-3 > .fusion-column-wrapper {padding-top : 0px !important;padding-right : 0px !important;margin-right : 5.76%;padding-bottom : 0px !important;padding-left : 0px !important;margin-left : 5.76%;}@media only screen and (max-width:1024px) {.fusion-body .fusion-builder-column-3{width:100% !important;order : 0;}.fusion-builder-column-3 > .fusion-column-wrapper {margin-right : 1.92%;margin-left : 1.92%;}}@media only screen and (max-width:640px) {.fusion-body .fusion-builder-column-3{width:100% !important;order : 0;}.fusion-builder-column-3 > .fusion-column-wrapper {margin-right : 1.92%;margin-left : 1.92%;}}<\/style><\/div><style type=\"text\/css\">.fusion-body .fusion-flex-container.fusion-builder-row-2{ padding-top : 0px;margin-top : 0px;padding-right : 0px;padding-bottom : 0px;margin-bottom : 0px;padding-left : 0px;}<\/style><\/div><div class=\"fusion-fullwidth fullwidth-box fusion-builder-row-3 fusion-flex-container nonhundred-percent-fullwidth non-hundred-percent-height-scrolling\" style=\"background-color: rgba(255,255,255,0);background-position: center center;background-repeat: no-repeat;border-width: 0px 0px 0px 0px;border-color:#eae9e9;border-style:solid;\" ><div class=\"fusion-builder-row fusion-row fusion-flex-align-items-flex-start\" style=\"max-width:1144px;margin-left: calc(-4% \/ 2 );margin-right: calc(-4% \/ 2 );\"><div class=\"fusion-layout-column fusion_builder_column fusion-builder-column-4 fusion_builder_column_1_1 1_1 fusion-flex-column\"><div class=\"fusion-column-wrapper fusion-flex-justify-content-flex-start fusion-content-layout-column\" style=\"background-position:left top;background-repeat:no-repeat;-webkit-background-size:cover;-moz-background-size:cover;-o-background-size:cover;background-size:cover;padding: 0px 0px 0px 0px;\"><div class=\"fusion-text fusion-text-2\"><p id=\"tw-target-text\" class=\"tw-data-text tw-text-large XcVN5d tw-ta\" dir=\"ltr\" data-placeholder=\"Traduzione\"><span class=\"Y2IQFc\" lang=\"fr\">En r\u00e9alisant la production de nos<em><strong> cl\u00f4tures en PVC<\/strong><\/em>, nous pouvons r\u00e9aliser des <em><strong>travaux sur mesure<\/strong><\/em> en faisant varier la hauteur, la distance entre les traverses, les pentes, etc. <\/span><\/p>\n<p class=\"tw-data-text tw-text-large XcVN5d tw-ta\" dir=\"ltr\" data-placeholder=\"Traduzione\"><span class=\"Y2IQFc\" lang=\"fr\">Cela peut \u00eatre une solution valable pour ceux qui doivent fermer de petits espaces ou, en raison des r\u00e8gles municipales, ne peuvent pas d\u00e9passer une certaine hauteur avec leurs <strong><em>cl\u00f4tures<\/em><\/strong>. <\/span><\/p>\n<p class=\"tw-data-text tw-text-large XcVN5d tw-ta\" dir=\"ltr\" data-placeholder=\"Traduzione\"><span class=\"Y2IQFc\" lang=\"fr\">Ici, nos produits peuvent \u00eatre \u00e9galement valables pour <em><strong>cl\u00f4turer les parterres de fleurs<\/strong><\/em> ou utilis\u00e9s comme<em><strong> cl\u00f4ture pour le potager<\/strong><\/em>.<\/span><\/p>\n<\/div><\/div><\/div><style type=\"text\/css\">.fusion-body .fusion-builder-column-4{width:100% !important;margin-top : 0px;margin-bottom : 20px;}.fusion-builder-column-4 > .fusion-column-wrapper {padding-top : 0px !important;padding-right : 0px !important;margin-right : 1.92%;padding-bottom : 0px !important;padding-left : 0px !important;margin-left : 1.92%;}@media only screen and (max-width:1024px) {.fusion-body .fusion-builder-column-4{width:100% !important;order : 0;}.fusion-builder-column-4 > .fusion-column-wrapper {margin-right : 1.92%;margin-left : 1.92%;}}@media only screen and (max-width:640px) {.fusion-body .fusion-builder-column-4{width:100% !important;order : 0;}.fusion-builder-column-4 > .fusion-column-wrapper {margin-right : 1.92%;margin-left : 1.92%;}}<\/style><\/div><style type=\"text\/css\">.fusion-body .fusion-flex-container.fusion-builder-row-3{ padding-top : 0px;margin-top : 0px;padding-right : 0px;padding-bottom : 0px;margin-bottom : 0px;padding-left : 0px;}<\/style><\/div>","protected":false},"excerpt":{"rendered":"","protected":false},"author":2,"featured_media":0,"parent":6554,"menu_order":0,"comment_status":"closed","ping_status":"closed","template":"","meta":{"footnotes":""},"yoast_head":"<!-- This site is optimized with the Yoast SEO plugin v22.4 - https:\/\/yoast.com\/wordpress\/plugins\/seo\/ -->\n<title>Cl\u00f4ture en bois? non merci, meilleur PVC! Cl\u00f4tures en PVC<\/title>\n<meta name=\"description\" content=\"Vous recherchez une cl\u00f4ture en bois? D\u00e9couvrez les points en faveur d&#039;une cl\u00f4ture pvc: z\u00e9ro entretien, toujours beau, facile \u00e0 monter. Trouvez-le ici!\" \/>\n<meta name=\"robots\" content=\"index, follow, max-snippet:-1, max-image-preview:large, max-video-preview:-1\" \/>\n<link rel=\"canonical\" href=\"https:\/\/www.recinzionipvc.com\/fr\/landings\/la-meilleure-cloture-pour-le-jardin-avec-pelouse\/\" \/>\n<meta property=\"og:locale\" content=\"fr_FR\" \/>\n<meta property=\"og:type\" content=\"article\" \/>\n<meta property=\"og:title\" content=\"Cl\u00f4ture en bois? non merci, meilleur PVC! Cl\u00f4tures en PVC\" \/>\n<meta property=\"og:description\" content=\"Vous recherchez une cl\u00f4ture en bois? D\u00e9couvrez les points en faveur d&#039;une cl\u00f4ture pvc: z\u00e9ro entretien, toujours beau, facile \u00e0 monter. Trouvez-le ici!\" \/>\n<meta property=\"og:url\" content=\"https:\/\/www.recinzionipvc.com\/fr\/landings\/la-meilleure-cloture-pour-le-jardin-avec-pelouse\/\" \/>\n<meta property=\"og:site_name\" content=\"Recinzioni PVC\" \/>\n<meta property=\"article:publisher\" content=\"https:\/\/www.facebook.com\/ZucchiRecinzioniPVC\" \/>\n<meta property=\"article:modified_time\" content=\"2022-05-09T12:20:05+00:00\" \/>\n<meta name=\"twitter:card\" content=\"summary_large_image\" \/>\n<meta name=\"twitter:label1\" content=\"Dur\u00e9e de lecture estim\u00e9e\" \/>\n\t<meta name=\"twitter:data1\" content=\"12 minutes\" \/>\n<script type=\"application\/ld+json\" class=\"yoast-schema-graph\">{\"@context\":\"https:\/\/schema.org\",\"@graph\":[{\"@type\":\"WebPage\",\"@id\":\"https:\/\/www.recinzionipvc.com\/fr\/landings\/la-meilleure-cloture-pour-le-jardin-avec-pelouse\/\",\"url\":\"https:\/\/www.recinzionipvc.com\/fr\/landings\/la-meilleure-cloture-pour-le-jardin-avec-pelouse\/\",\"name\":\"Cl\u00f4ture en bois? non merci, meilleur PVC! Cl\u00f4tures en PVC\",\"isPartOf\":{\"@id\":\"https:\/\/www.recinzionipvc.com\/es\/#website\"},\"datePublished\":\"2020-09-10T15:37:15+00:00\",\"dateModified\":\"2022-05-09T12:20:05+00:00\",\"description\":\"Vous recherchez une cl\u00f4ture en bois? D\u00e9couvrez les points en faveur d'une cl\u00f4ture pvc: z\u00e9ro entretien, toujours beau, facile \u00e0 monter. Trouvez-le ici!\",\"breadcrumb\":{\"@id\":\"https:\/\/www.recinzionipvc.com\/fr\/landings\/la-meilleure-cloture-pour-le-jardin-avec-pelouse\/#breadcrumb\"},\"inLanguage\":\"fr-FR\",\"potentialAction\":[{\"@type\":\"ReadAction\",\"target\":[\"https:\/\/www.recinzionipvc.com\/fr\/landings\/la-meilleure-cloture-pour-le-jardin-avec-pelouse\/\"]}]},{\"@type\":\"BreadcrumbList\",\"@id\":\"https:\/\/www.recinzionipvc.com\/fr\/landings\/la-meilleure-cloture-pour-le-jardin-avec-pelouse\/#breadcrumb\",\"itemListElement\":[{\"@type\":\"ListItem\",\"position\":1,\"name\":\"Home\",\"item\":\"https:\/\/www.recinzionipvc.com\/fr\/\"},{\"@type\":\"ListItem\",\"position\":2,\"name\":\"landings\",\"item\":\"https:\/\/recinzionipvc.com\/fr\/landings\/\"},{\"@type\":\"ListItem\",\"position\":3,\"name\":\"La meilleure cl\u00f4ture pour le jardin avec pelouse\"}]},{\"@type\":\"WebSite\",\"@id\":\"https:\/\/www.recinzionipvc.com\/es\/#website\",\"url\":\"https:\/\/www.recinzionipvc.com\/es\/\",\"name\":\"Recinzioni PVC\",\"description\":\"La tua prossima recinzione, direttamente creata da te!\",\"potentialAction\":[{\"@type\":\"SearchAction\",\"target\":{\"@type\":\"EntryPoint\",\"urlTemplate\":\"https:\/\/www.recinzionipvc.com\/es\/?s={search_term_string}\"},\"query-input\":\"required name=search_term_string\"}],\"inLanguage\":\"fr-FR\"}]}<\/script>\n<!-- \/ Yoast SEO plugin. -->","yoast_head_json":{"title":"Cl\u00f4ture en bois? non merci, meilleur PVC! Cl\u00f4tures en PVC","description":"Vous recherchez une cl\u00f4ture en bois? D\u00e9couvrez les points en faveur d'une cl\u00f4ture pvc: z\u00e9ro entretien, toujours beau, facile \u00e0 monter. Trouvez-le ici!","robots":{"index":"index","follow":"follow","max-snippet":"max-snippet:-1","max-image-preview":"max-image-preview:large","max-video-preview":"max-video-preview:-1"},"canonical":"https:\/\/www.recinzionipvc.com\/fr\/landings\/la-meilleure-cloture-pour-le-jardin-avec-pelouse\/","og_locale":"fr_FR","og_type":"article","og_title":"Cl\u00f4ture en bois? non merci, meilleur PVC! Cl\u00f4tures en PVC","og_description":"Vous recherchez une cl\u00f4ture en bois? D\u00e9couvrez les points en faveur d'une cl\u00f4ture pvc: z\u00e9ro entretien, toujours beau, facile \u00e0 monter. Trouvez-le ici!","og_url":"https:\/\/www.recinzionipvc.com\/fr\/landings\/la-meilleure-cloture-pour-le-jardin-avec-pelouse\/","og_site_name":"Recinzioni PVC","article_publisher":"https:\/\/www.facebook.com\/ZucchiRecinzioniPVC","article_modified_time":"2022-05-09T12:20:05+00:00","twitter_card":"summary_large_image","twitter_misc":{"Dur\u00e9e de lecture estim\u00e9e":"12 minutes"},"schema":{"@context":"https:\/\/schema.org","@graph":[{"@type":"WebPage","@id":"https:\/\/www.recinzionipvc.com\/fr\/landings\/la-meilleure-cloture-pour-le-jardin-avec-pelouse\/","url":"https:\/\/www.recinzionipvc.com\/fr\/landings\/la-meilleure-cloture-pour-le-jardin-avec-pelouse\/","name":"Cl\u00f4ture en bois? non merci, meilleur PVC! Cl\u00f4tures en PVC","isPartOf":{"@id":"https:\/\/www.recinzionipvc.com\/es\/#website"},"datePublished":"2020-09-10T15:37:15+00:00","dateModified":"2022-05-09T12:20:05+00:00","description":"Vous recherchez une cl\u00f4ture en bois? D\u00e9couvrez les points en faveur d'une cl\u00f4ture pvc: z\u00e9ro entretien, toujours beau, facile \u00e0 monter. Trouvez-le ici!","breadcrumb":{"@id":"https:\/\/www.recinzionipvc.com\/fr\/landings\/la-meilleure-cloture-pour-le-jardin-avec-pelouse\/#breadcrumb"},"inLanguage":"fr-FR","potentialAction":[{"@type":"ReadAction","target":["https:\/\/www.recinzionipvc.com\/fr\/landings\/la-meilleure-cloture-pour-le-jardin-avec-pelouse\/"]}]},{"@type":"BreadcrumbList","@id":"https:\/\/www.recinzionipvc.com\/fr\/landings\/la-meilleure-cloture-pour-le-jardin-avec-pelouse\/#breadcrumb","itemListElement":[{"@type":"ListItem","position":1,"name":"Home","item":"https:\/\/www.recinzionipvc.com\/fr\/"},{"@type":"ListItem","position":2,"name":"landings","item":"https:\/\/recinzionipvc.com\/fr\/landings\/"},{"@type":"ListItem","position":3,"name":"La meilleure cl\u00f4ture pour le jardin avec pelouse"}]},{"@type":"WebSite","@id":"https:\/\/www.recinzionipvc.com\/es\/#website","url":"https:\/\/www.recinzionipvc.com\/es\/","name":"Recinzioni PVC","description":"La tua prossima recinzione, direttamente creata da te!","potentialAction":[{"@type":"SearchAction","target":{"@type":"EntryPoint","urlTemplate":"https:\/\/www.recinzionipvc.com\/es\/?s={search_term_string}"},"query-input":"required name=search_term_string"}],"inLanguage":"fr-FR"}]}},"_links":{"self":[{"href":"https:\/\/www.recinzionipvc.com\/fr\/wp-json\/wp\/v2\/pages\/6555"}],"collection":[{"href":"https:\/\/www.recinzionipvc.com\/fr\/wp-json\/wp\/v2\/pages"}],"about":[{"href":"https:\/\/www.recinzionipvc.com\/fr\/wp-json\/wp\/v2\/types\/page"}],"author":[{"embeddable":true,"href":"https:\/\/www.recinzionipvc.com\/fr\/wp-json\/wp\/v2\/users\/2"}],"replies":[{"embeddable":true,"href":"https:\/\/www.recinzionipvc.com\/fr\/wp-json\/wp\/v2\/comments?post=6555"}],"version-history":[{"count":10,"href":"https:\/\/www.recinzionipvc.com\/fr\/wp-json\/wp\/v2\/pages\/6555\/revisions"}],"predecessor-version":[{"id":16162,"href":"https:\/\/www.recinzionipvc.com\/fr\/wp-json\/wp\/v2\/pages\/6555\/revisions\/16162"}],"up":[{"embeddable":true,"href":"https:\/\/www.recinzionipvc.com\/fr\/wp-json\/wp\/v2\/pages\/6554"}],"wp:attachment":[{"href":"https:\/\/www.recinzionipvc.com\/fr\/wp-json\/wp\/v2\/media?parent=6555"}],"curies":[{"name":"wp","href":"https:\/\/api.w.org\/{rel}","templated":true}]}}